{"id":203,"date":"2019-01-27T17:59:11","date_gmt":"2019-01-27T16:59:11","guid":{"rendered":"http:\/\/192.168.178.128\/Wordpress\/?page_id=203"},"modified":"2025-01-17T15:05:03","modified_gmt":"2025-01-17T14:05:03","slug":"ci-gruppe","status":"publish","type":"page","link":"http:\/\/www.schwerhoerigenverein-kassel.de\/?page_id=203","title":{"rendered":"CI-Gruppe"},"content":{"rendered":"<p><em><span style=\"color: #ff0000;\"><strong>Die Treffen der CI-Gruppe finden im KISS-Selbsthilfetreffpunkt, Treppenstr. 4, 34117 Kassel, statt. Alle Termine nur mit Anmeldung unter ci.shg.kassel@gmail.com oder 0151 \/ 4287 5073 (Sandra Briel).<\/strong><\/span><\/em><\/p>\n<p>Die CI-Gruppe (Cochlear-Implant-Gruppe) besteht seit vielen Jahren und trifft sich einmal monatlich samstags zum Gedankenaustausch und zu zwanglosen Gespr\u00e4chen bei KISS (Kontakt-und Informationsstelle f\u00fcr Selbsthilfegruppen) im Haus der Sozialwirtschaft, Treppenstra\u00dfe 4, 34117 Kassel.<\/p>\n<p>Die Termine werden rechtzeitig hier auf unserer Homepage wie auch in der \u00f6rtlichen Presse bekannt gegeben.<\/p>\n<p>Es werden u. a. H\u00f6rgesch\u00e4digte, f\u00fcr die ein CI evtl. in Frage kommt bzw. die sich f\u00fcr ein CI interessieren, beraten und auch allgemein technische Neuerungen besprochen.<\/p>\n<p><strong>Ansprechpartnerin<\/strong><\/p>\n<p>Frau Sandra Briel ist Ansprechpartnerin f\u00fcr diese Gruppe. Neue Teilnehmer sind jederzeit herzlich willkommen. F\u00fcr Fragen auch au\u00dferhalb der Treffen steht sie Ihnen gern per E-Mail zur Verf\u00fcgung (ci.shg.kassel@gmail.com).<\/p>\n<p>Telefonische R\u00fcckfragen bitte direkt beim Verein unter <span style=\"color: #000000;\"><strong>0561\/22078190)<\/strong> <\/span>(vorwiegend AB, R\u00fcckruf).<\/p>\n<p>Stand: 01.01.2025<\/p>\n","protected":false},"excerpt":{"rendered":"<p>Die Treffen der CI-Gruppe finden im KISS-Selbsthilfetreffpunkt, Treppenstr. 4, 34117 Kassel, statt. Alle Termine nur mit Anmeldung unter ci.shg.kassel@gmail.com oder 0151 \/ 4287 5073 (Sandra Briel). Die CI-Gruppe (Cochlear-Implant-Gruppe) besteht seit vielen Jahren und trifft sich einmal monatlich samstags zum Gedankenaustausch und zu zwanglosen Gespr\u00e4chen bei KISS (Kontakt-und Informationsstelle f\u00fcr Selbsthilfegruppen) im Haus der Sozialwirtschaft, [&hellip;]<\/p>\n","protected":false},"author":1,"featured_media":0,"parent":0,"menu_order":0,"comment_status":"closed","ping_status":"closed","template":"","meta":{"_mc_calendar":[],"footnotes":""},"class_list":["post-203","page","type-page","status-publish","czr-hentry"],"_links":{"self":[{"href":"http:\/\/www.schwerhoerigenverein-kassel.de\/index.php?rest_route=\/wp\/v2\/pages\/203","targetHints":{"allow":["GET"]}}],"collection":[{"href":"http:\/\/www.schwerhoerigenverein-kassel.de\/index.php?rest_route=\/wp\/v2\/pages"}],"about":[{"href":"http:\/\/www.schwerhoerigenverein-kassel.de\/index.php?rest_route=\/wp\/v2\/types\/page"}],"author":[{"embeddable":true,"href":"http:\/\/www.schwerhoerigenverein-kassel.de\/index.php?rest_route=\/wp\/v2\/users\/1"}],"replies":[{"embeddable":true,"href":"http:\/\/www.schwerhoerigenverein-kassel.de\/index.php?rest_route=%2Fwp%2Fv2%2Fcomments&post=203"}],"version-history":[{"count":15,"href":"http:\/\/www.schwerhoerigenverein-kassel.de\/index.php?rest_route=\/wp\/v2\/pages\/203\/revisions"}],"predecessor-version":[{"id":955,"href":"http:\/\/www.schwerhoerigenverein-kassel.de\/index.php?rest_route=\/wp\/v2\/pages\/203\/revisions\/955"}],"wp:attachment":[{"href":"http:\/\/www.schwerhoerigenverein-kassel.de\/index.php?rest_route=%2Fwp%2Fv2%2Fmedia&parent=203"}],"curies":[{"name":"wp","href":"https:\/\/api.w.org\/{rel}","templated":true}]}}