{"id":212,"date":"2019-01-27T18:02:40","date_gmt":"2019-01-27T17:02:40","guid":{"rendered":"http:\/\/192.168.178.128\/Wordpress\/?page_id=212"},"modified":"2025-01-17T15:08:54","modified_gmt":"2025-01-17T14:08:54","slug":"offener-nachmittag","status":"publish","type":"page","link":"http:\/\/www.schwerhoerigenverein-kassel.de\/?page_id=212","title":{"rendered":"Offenes Treffen"},"content":{"rendered":"<p>Unser Offener Nachmittag, jetzt: <strong>Offenes Treffen<\/strong>,\u00a0 wurde Anfang der 1980er Jahre gegr\u00fcndet, um vor allem allein stehende H\u00f6rgesch\u00e4digte aus ihrer Isolation, in der sie sich oft befanden, zu holen. Inzwischen nehmen auch immer wieder H\u00f6rgesch\u00e4digte und deren gut h\u00f6rende Partner teil. Wir treffen uns in der Regel <strong>am 1. Samstag des Monats um 15:00 Uhr<\/strong>\u00a0 im Gemeindehaus der\u00a0 Lukaskirche, Leuschnerstr. 40, 34134 Kassel &#8211; siehe Seite &#8222;Termine&#8220;.<\/p>\n<p>Es nehmen im Durchschnitt 6 &#8211; 8 Mitglieder und auch G\u00e4ste daran teil, manchmal auch mehr. Es werden die unterschiedlichsten Themen behandelt und alle k\u00f6nnen sich einbringen. Auch ergibt sich immer wieder Unvorhergesehenes aus dem Ablauf bzw. der jeweiligen Situation.<\/p>\n<p>Es gibt jedes Mal ein Hauptthema aus vielen Bereichen. Wir diskutierten z. B. \u00fcber &#8222;Freundschaften &#8211; welche Bedeutung haben sie f\u00fcr uns, vor allem als Schwerh\u00f6rige?&#8220;, &#8222;Fr\u00fcher war alles besser &#8211; oder?&#8220;, &#8222;Anglizismen, ihre Aussprache und ihre Bedeutung&#8220;, oder auch &#8222;K\u00fcchentechnische Begriffe an Hand von Speisekarten namhafter Restaurants&#8220; und vieles mehr. Wir blickten auch zur\u00fcck auf Mode, Schlager, Filme u. a. der 1950er und 1960er Jahre und hatten unseren Spa\u00df daran.<\/p>\n<p>Aber auch die Frage, wer hilft, wenn man selbst nicht mehr kann und vor allem, was man selbst vorbeugend tun kann, war schon Thema und wird es immer wieder sein. Dar\u00fcber hinaus etwas &#8222;Grips&#8220;-Training in verschiedenen Formen. Aktuelle Themen aus dem Zeitgeschehen kommen ebenfalls nicht zu kurz.<\/p>\n<p>Einige der derzeitigen Teilnehmer schon sehr lange dabei. Von einigen mussten wir uns leider f\u00fcr immer verabschieden. Neue sind dazu gekommen. Wir freuen uns aber auch \u00fcber weitere Interessierte. Kommen Sie zun\u00e4chst unverbindlich als Gast zu uns. Wenn Sie Neuem gegen\u00fcber aufgeschlossen sind, werden Sie sich in unserem Kreis sicher wohl f\u00fchlen.<\/p>\n<p>Die Termine und Veranstaltungsort finden Sie auf der Seite &#8222;Termine&#8220;.<\/p>\n<p>Stand: Jan. 2025<\/p>\n","protected":false},"excerpt":{"rendered":"<p>Unser Offener Nachmittag, jetzt: Offenes Treffen,\u00a0 wurde Anfang der 1980er Jahre gegr\u00fcndet, um vor allem allein stehende H\u00f6rgesch\u00e4digte aus ihrer Isolation, in der sie sich oft befanden, zu holen. Inzwischen nehmen auch immer wieder H\u00f6rgesch\u00e4digte und deren gut h\u00f6rende Partner teil. Wir treffen uns in der Regel am 1. Samstag des Monats um 15:00 Uhr\u00a0 [&hellip;]<\/p>\n","protected":false},"author":1,"featured_media":0,"parent":0,"menu_order":0,"comment_status":"closed","ping_status":"closed","template":"","meta":{"_mc_calendar":[],"footnotes":""},"class_list":["post-212","page","type-page","status-publish","czr-hentry"],"_links":{"self":[{"href":"http:\/\/www.schwerhoerigenverein-kassel.de\/index.php?rest_route=\/wp\/v2\/pages\/212","targetHints":{"allow":["GET"]}}],"collection":[{"href":"http:\/\/www.schwerhoerigenverein-kassel.de\/index.php?rest_route=\/wp\/v2\/pages"}],"about":[{"href":"http:\/\/www.schwerhoerigenverein-kassel.de\/index.php?rest_route=\/wp\/v2\/types\/page"}],"author":[{"embeddable":true,"href":"http:\/\/www.schwerhoerigenverein-kassel.de\/index.php?rest_route=\/wp\/v2\/users\/1"}],"replies":[{"embeddable":true,"href":"http:\/\/www.schwerhoerigenverein-kassel.de\/index.php?rest_route=%2Fwp%2Fv2%2Fcomments&post=212"}],"version-history":[{"count":20,"href":"http:\/\/www.schwerhoerigenverein-kassel.de\/index.php?rest_route=\/wp\/v2\/pages\/212\/revisions"}],"predecessor-version":[{"id":957,"href":"http:\/\/www.schwerhoerigenverein-kassel.de\/index.php?rest_route=\/wp\/v2\/pages\/212\/revisions\/957"}],"wp:attachment":[{"href":"http:\/\/www.schwerhoerigenverein-kassel.de\/index.php?rest_route=%2Fwp%2Fv2%2Fmedia&parent=212"}],"curies":[{"name":"wp","href":"https:\/\/api.w.org\/{rel}","templated":true}]}}