{"id":221,"date":"2019-01-27T18:04:47","date_gmt":"2019-01-27T17:04:47","guid":{"rendered":"http:\/\/192.168.178.128\/Wordpress\/?page_id=221"},"modified":"2023-07-25T21:06:12","modified_gmt":"2023-07-25T19:06:12","slug":"sh-seelsorge","status":"publish","type":"page","link":"http:\/\/www.schwerhoerigenverein-kassel.de\/?page_id=221","title":{"rendered":"SH-Seelsorge"},"content":{"rendered":"<p><strong>Schwerh\u00f6rigen-Seelsorgerin f\u00fcr den Bereich Nordhessen ist Frau Pfrin. Dorothee Holzapfel.<\/strong><\/p>\n<p>Sie erreichen sie unter folgender Adresse:<\/p>\n<p>Im Tor 1, 37235 Hess. Lichtenau-Reichenbach, Tel. 05602 \/ 1502, E-Mail: Dorothee.Holzapfel@Kirchspiel-Reichenbach.de<\/p>\n<p>Frau Holzapfel steht nach telefonischer Terminvereinbarung zu Gespr\u00e4chen zur Verf\u00fcgung. Einmal j\u00e4hrlich wird eine &#8222;Meditation im Herzensgebet&#8220; (3 Tage, besonders f\u00fcr Schwerh\u00f6rige) im Kloster Germerode angeboten. Die Termine (jeweils September) werden rechtzeitig bekannt gegeben.<\/p>\n","protected":false},"excerpt":{"rendered":"<p>Schwerh\u00f6rigen-Seelsorgerin f\u00fcr den Bereich Nordhessen ist Frau Pfrin. Dorothee Holzapfel. Sie erreichen sie unter folgender Adresse: Im Tor 1, 37235 Hess. Lichtenau-Reichenbach, Tel. 05602 \/ 1502, E-Mail: Dorothee.Holzapfel@Kirchspiel-Reichenbach.de Frau Holzapfel steht nach telefonischer Terminvereinbarung zu Gespr\u00e4chen zur Verf\u00fcgung. Einmal j\u00e4hrlich wird eine &#8222;Meditation im Herzensgebet&#8220; (3 Tage, besonders f\u00fcr Schwerh\u00f6rige) im Kloster Germerode angeboten. Die [&hellip;]<\/p>\n","protected":false},"author":1,"featured_media":0,"parent":0,"menu_order":0,"comment_status":"closed","ping_status":"closed","template":"","meta":{"_mc_calendar":[],"footnotes":""},"class_list":["post-221","page","type-page","status-publish","czr-hentry"],"_links":{"self":[{"href":"http:\/\/www.schwerhoerigenverein-kassel.de\/index.php?rest_route=\/wp\/v2\/pages\/221","targetHints":{"allow":["GET"]}}],"collection":[{"href":"http:\/\/www.schwerhoerigenverein-kassel.de\/index.php?rest_route=\/wp\/v2\/pages"}],"about":[{"href":"http:\/\/www.schwerhoerigenverein-kassel.de\/index.php?rest_route=\/wp\/v2\/types\/page"}],"author":[{"embeddable":true,"href":"http:\/\/www.schwerhoerigenverein-kassel.de\/index.php?rest_route=\/wp\/v2\/users\/1"}],"replies":[{"embeddable":true,"href":"http:\/\/www.schwerhoerigenverein-kassel.de\/index.php?rest_route=%2Fwp%2Fv2%2Fcomments&post=221"}],"version-history":[{"count":5,"href":"http:\/\/www.schwerhoerigenverein-kassel.de\/index.php?rest_route=\/wp\/v2\/pages\/221\/revisions"}],"predecessor-version":[{"id":833,"href":"http:\/\/www.schwerhoerigenverein-kassel.de\/index.php?rest_route=\/wp\/v2\/pages\/221\/revisions\/833"}],"wp:attachment":[{"href":"http:\/\/www.schwerhoerigenverein-kassel.de\/index.php?rest_route=%2Fwp%2Fv2%2Fmedia&parent=221"}],"curies":[{"name":"wp","href":"https:\/\/api.w.org\/{rel}","templated":true}]}}