{"id":224,"date":"2019-01-27T18:21:21","date_gmt":"2019-01-27T17:21:21","guid":{"rendered":"http:\/\/192.168.178.128\/Wordpress\/?page_id=224"},"modified":"2022-01-30T14:50:20","modified_gmt":"2022-01-30T13:50:20","slug":"standort","status":"publish","type":"page","link":"http:\/\/www.schwerhoerigenverein-kassel.de\/?page_id=224","title":{"rendered":"Standort"},"content":{"rendered":"<p><strong>Postadresse:<\/strong> Leuschnerstr. 40, 34134 Kassel im Gemeindezentrum Lukaskirche.<\/p>\n<p><strong>Veranstaltungen:<\/strong> Gemeindesaal (barrierefrei, Eingang Hofseite) oder Gruppenraum 1. OG (Eingang linker Geb\u00e4udeteil, kein Fahrstuhl). Der Ort wird jeweils bei Anmeldung bekannt gegeben.<\/p>\n<p>Veranstaltungen hin und wieder auch in der Herz-Jesu-Kirche, Br\u00fcder-Grimm-Str. 121, 34134 Kassel sowie im KISS-Selbsthilfetreffpunkt, Treppenstr. 4, 34117 Kassel.<\/p>\n<p>&nbsp;<\/p>\n<p><iframe loading=\"lazy\" style=\"border: 0;\" src=\"https:\/\/www.google.com\/maps\/embed?pb=!1m18!1m12!1m3!1d2495.071950377333!2d9.464131216124601!3d51.291399979600264!2m3!1f0!2f0!3f0!3m2!1i1024!2i768!4f13.1!3m3!1m2!1s0x47bb40a4a01bb703%3A0x76f0b5dcbb4624b2!2sLeuschnerstra%C3%9Fe%2040%2C%2034134%20Kassel!5e0!3m2!1sde!2sde!4v1640714461226!5m2!1sde!2sde\" width=\"600\" height=\"450\" allowfullscreen=\"allowfullscreen\"><\/iframe><\/p>\n<p><strong>Anfahrt zur Lukaskirche, Leuschnerstr. 40, 34134 Kassel<\/strong><\/p>\n<p><strong>Aus der Innenstadt:<\/strong><\/p>\n<p>Frankfurter Stra\u00dfe (B 3) in s\u00fcdlicher Richtung ca. 3 km geradeaus (ab Kreuzung Frankfurter Stra\u00dfe \/ Am Auestadion \/ Ludwig-Mond-Stra\u00dfe B 520), weiter geradeaus (rechte Spur), unter Eisenbahnbr\u00fccke hindurch, nach ca. 300 m rechts abbiegen in die Leuschnerstra\u00dfe. Nach ca. 800 m rechts Lukaskirche. Parkm\u00f6glichkeiten in der Wilhelm-Busch-Stra\u00dfe oder anderen Seitenstra\u00dfen.<\/p>\n<p><strong>B 7 (von Osten)<\/strong><\/p>\n<p>B 7 bis Autobahnauffahrt Kassel Ost (A 7 &#8211; Richtung Frankfurt\/Dortmund), am Kreuz Kassel-Mitte auf die A 49, Ausfahrt Kassel-Auestadion, hier nach links Richtung Wolfhagen auf die Frankfurter Stra\u00dfe (B 520), rechte Spur, weiter ca. 1 km geradeaus, unter Eisenbahnbr\u00fccke hindurch, nach weiteren ca. 300 m an Ampelkreuzung nach rechts in die Leuschnerstra\u00dfe einbiegen. Nach ca. 1,2 km an Fu\u00dfg\u00e4ngerampel nach links in Br\u00fcder-Grimm-Stra\u00dfe. Gemeindehaus Herz-Jesu-Kirche nach ca. 100 m rechts.<\/p>\n<p><strong>A 7\/A 49:<\/strong><\/p>\n<p>Von der A 7 am Kreuz Kassel-Mitte auf die A 49, Ausfahrt Kassel-Auestadion. Linke Geradeausspur zun\u00e4chst Richtung ICE-Bahnhof Wilhelmsh\u00f6he bis zur gro\u00dfen Ampelkreuzung Frankfurter Stra\u00dfe \/ Am Auestadion \/ Ludwig-Mond-Stra\u00dfe. Hier nach links Richtung Wolfhagen auf die Frankfurter Stra\u00dfe (B 520), rechte Spur, weiter ca. 1 km geradeaus, unter Eisenbahnbr\u00fccke hindurch, nach weiteren ca. 300 m an Ampelkreuzung nach rechts in die Leuschnerstra\u00dfe einbiegen. Nach ca. 1,2 km an Fu\u00dfg\u00e4ngerampel nach links abbiegen in Br\u00fcder-Grimm-Stra\u00dfe. Gemeindehaus Herz-Jesu-Kirche nach ca. 100 m rechts.<\/p>\n<p><strong>A 44:<\/strong><br \/>\nAusfahrt Kassel-Wilhelmsh\u00f6he, 1. Ampelkreuzung nach links auf die Konrad-Adenauer-Stra\u00dfe Richtung Stadtmitte, weiter ca. 3 km, dann halb rechts auf die Druseltalstra\u00dfe bergab bis zur n\u00e4chsten Ampelkreuzung (Bushaltestelle D\u00f6nche) nach rechts in die Heinrich-Sch\u00fctz-Allee, Richtung Hessische Landesfeuerwehrschule bzw. Westfriedhof. Nach ca. 2 km an Ampel mit Linksabbiegespur in die Leuschnerstra\u00dfe, weiter geradeaus, nach Eisenbahnbr\u00fccke nach ca. 100 m nach rechts in die Br\u00fcder-Grimm-Stra\u00dfe. Gemeindehaus Herz-Jesu-Kirche nach ca. 100 m rechts<\/p>\n<p><strong>\u00d6PNV:<\/strong><br \/>\nBus Linie 11 &#8211; Haltestelle \u201eWilhelm-Busch-Stra\u00dfe\u201c direkt an der Lukaskirche.<\/p>\n","protected":false},"excerpt":{"rendered":"<p>Postadresse: Leuschnerstr. 40, 34134 Kassel im Gemeindezentrum Lukaskirche. Veranstaltungen: Gemeindesaal (barrierefrei, Eingang Hofseite) oder Gruppenraum 1. OG (Eingang linker Geb\u00e4udeteil, kein Fahrstuhl). Der Ort wird jeweils bei Anmeldung bekannt gegeben. Veranstaltungen hin und wieder auch in der Herz-Jesu-Kirche, Br\u00fcder-Grimm-Str. 121, 34134 Kassel sowie im KISS-Selbsthilfetreffpunkt, Treppenstr. 4, 34117 Kassel. &nbsp; Anfahrt zur Lukaskirche, Leuschnerstr. 40, [&hellip;]<\/p>\n","protected":false},"author":1,"featured_media":0,"parent":0,"menu_order":0,"comment_status":"closed","ping_status":"closed","template":"","meta":{"_mc_calendar":[],"footnotes":""},"class_list":["post-224","page","type-page","status-publish","czr-hentry"],"_links":{"self":[{"href":"http:\/\/www.schwerhoerigenverein-kassel.de\/index.php?rest_route=\/wp\/v2\/pages\/224","targetHints":{"allow":["GET"]}}],"collection":[{"href":"http:\/\/www.schwerhoerigenverein-kassel.de\/index.php?rest_route=\/wp\/v2\/pages"}],"about":[{"href":"http:\/\/www.schwerhoerigenverein-kassel.de\/index.php?rest_route=\/wp\/v2\/types\/page"}],"author":[{"embeddable":true,"href":"http:\/\/www.schwerhoerigenverein-kassel.de\/index.php?rest_route=\/wp\/v2\/users\/1"}],"replies":[{"embeddable":true,"href":"http:\/\/www.schwerhoerigenverein-kassel.de\/index.php?rest_route=%2Fwp%2Fv2%2Fcomments&post=224"}],"version-history":[{"count":12,"href":"http:\/\/www.schwerhoerigenverein-kassel.de\/index.php?rest_route=\/wp\/v2\/pages\/224\/revisions"}],"predecessor-version":[{"id":638,"href":"http:\/\/www.schwerhoerigenverein-kassel.de\/index.php?rest_route=\/wp\/v2\/pages\/224\/revisions\/638"}],"wp:attachment":[{"href":"http:\/\/www.schwerhoerigenverein-kassel.de\/index.php?rest_route=%2Fwp%2Fv2%2Fmedia&parent=224"}],"curies":[{"name":"wp","href":"https:\/\/api.w.org\/{rel}","templated":true}]}}